{"id":11500,"date":"2023-10-18T10:24:52","date_gmt":"2023-10-18T08:24:52","guid":{"rendered":"https:\/\/carmeleespanolonline.com\/?page_id=11500"},"modified":"2023-12-13T07:44:51","modified_gmt":"2023-12-13T06:44:51","slug":"welcome","status":"publish","type":"page","link":"https:\/\/carmeleespanolonline.com\/en\/bienvenidos\/","title":{"rendered":"Welcome"},"content":{"rendered":"<div data-elementor-type=\"wp-page\" data-elementor-id=\"11500\" class=\"elementor elementor-11500\" data-elementor-post-type=\"page\">\n\t\t\t\t\t\t<section class=\"elementor-section elementor-top-section elementor-element elementor-element-7a347a1f elementor-section-boxed elementor-section-height-default elementor-section-height-default\" data-id=\"7a347a1f\" data-element_type=\"section\" data-e-type=\"section\" data-settings=\"{&quot;background_background&quot;:&quot;classic&quot;}\">\n\t\t\t\t\t\t<div class=\"elementor-container elementor-column-gap-no\">\n\t\t\t\t\t<div class=\"elementor-column elementor-col-50 elementor-top-column elementor-element elementor-element-4255e784\" data-id=\"4255e784\" data-element_type=\"column\" data-e-type=\"column\">\n\t\t\t<div class=\"elementor-widget-wrap elementor-element-populated\">\n\t\t\t\t\t\t<div class=\"elementor-element elementor-element-561432d8 elementor-widget elementor-widget-image\" data-id=\"561432d8\" data-element_type=\"widget\" data-e-type=\"widget\" data-widget_type=\"image.default\">\n\t\t\t\t<div class=\"elementor-widget-container\">\n\t\t\t\t\t\t\t\t\t\t\t\t\t\t\t<img fetchpriority=\"high\" decoding=\"async\" width=\"683\" height=\"1024\" src=\"https:\/\/carmeleespanolonline.com\/wp-content\/uploads\/2023\/10\/espanol-para-negocios-carmele--683x1024.jpg\" class=\"attachment-large size-large wp-image-10879\" alt=\"Carmele Spanish Online: Carmele\" srcset=\"https:\/\/carmeleespanolonline.com\/wp-content\/uploads\/2023\/10\/espanol-para-negocios-carmele--683x1024.jpg 683w, https:\/\/carmeleespanolonline.com\/wp-content\/uploads\/2023\/10\/espanol-para-negocios-carmele--200x300.jpg 200w, https:\/\/carmeleespanolonline.com\/wp-content\/uploads\/2023\/10\/espanol-para-negocios-carmele--768x1152.jpg 768w, https:\/\/carmeleespanolonline.com\/wp-content\/uploads\/2023\/10\/espanol-para-negocios-carmele-.jpg 800w\" sizes=\"(max-width: 683px) 100vw, 683px\" \/>\t\t\t\t\t\t\t\t\t\t\t\t\t\t\t<\/div>\n\t\t\t\t<\/div>\n\t\t\t\t\t<\/div>\n\t\t<\/div>\n\t\t\t\t<div class=\"elementor-column elementor-col-50 elementor-top-column elementor-element elementor-element-791c9f7\" data-id=\"791c9f7\" data-element_type=\"column\" data-e-type=\"column\">\n\t\t\t<div class=\"elementor-widget-wrap elementor-element-populated\">\n\t\t\t\t\t\t<div class=\"elementor-element elementor-element-30a5f9bd elementor-widget elementor-widget-heading\" data-id=\"30a5f9bd\" data-element_type=\"widget\" data-e-type=\"widget\" data-widget_type=\"heading.default\">\n\t\t\t\t<div class=\"elementor-widget-container\">\n\t\t\t\t\t<h1 class=\"elementor-heading-title elementor-size-default\">Welcome<\/h1>\t\t\t\t<\/div>\n\t\t\t\t<\/div>\n\t\t\t\t<div class=\"elementor-element elementor-element-4d23a310 elementor-widget elementor-widget-text-editor\" data-id=\"4d23a310\" data-element_type=\"widget\" data-e-type=\"widget\" data-widget_type=\"text-editor.default\">\n\t\t\t\t<div class=\"elementor-widget-container\">\n\t\t\t\t\t\t\t\t\t<p>Hi I am <b>Carmen<\/b>, Spanish teacher and examiner at the Cervantes Institute.&nbsp;<\/p>\n<p>Since 2015 I have been teaching Spanish, I have taught people of different nationalities and I have made them love Spanish and its culture.&nbsp;<\/p>\n<p>Do you want to be one of them?<\/p>\t\t\t\t\t\t\t\t<\/div>\n\t\t\t\t<\/div>\n\t\t\t\t<div class=\"elementor-element elementor-element-5fa9b03a elementor-view-stacked elementor-position-inline-start elementor-shape-circle elementor-mobile-position-block-start elementor-widget elementor-widget-icon-box\" data-id=\"5fa9b03a\" data-element_type=\"widget\" data-e-type=\"widget\" data-widget_type=\"icon-box.default\">\n\t\t\t\t<div class=\"elementor-widget-container\">\n\t\t\t\t\t\t\t<div class=\"elementor-icon-box-wrapper\">\n\n\t\t\t\t\t\t<div class=\"elementor-icon-box-icon\">\n\t\t\t\t<span  class=\"elementor-icon\">\n\t\t\t\t<i aria-hidden=\"true\" class=\"fas fa-check\"><\/i>\t\t\t\t<\/span>\n\t\t\t<\/div>\n\t\t\t\n\t\t\t\t\t\t<div class=\"elementor-icon-box-content\">\n\n\t\t\t\t\t\t\t\t\t<h2 class=\"elementor-icon-box-title\">\n\t\t\t\t\t\t<span  >\n\t\t\t\t\t\t\tLearn real and useful Spanish\t\t\t\t\t\t<\/span>\n\t\t\t\t\t<\/h2>\n\t\t\t\t\n\t\t\t\t\n\t\t\t<\/div>\n\t\t\t\n\t\t<\/div>\n\t\t\t\t\t\t<\/div>\n\t\t\t\t<\/div>\n\t\t\t\t<div class=\"elementor-element elementor-element-27d0707c elementor-view-stacked elementor-position-inline-start elementor-shape-circle elementor-mobile-position-block-start elementor-widget elementor-widget-icon-box\" data-id=\"27d0707c\" data-element_type=\"widget\" data-e-type=\"widget\" data-widget_type=\"icon-box.default\">\n\t\t\t\t<div class=\"elementor-widget-container\">\n\t\t\t\t\t\t\t<div class=\"elementor-icon-box-wrapper\">\n\n\t\t\t\t\t\t<div class=\"elementor-icon-box-icon\">\n\t\t\t\t<span  class=\"elementor-icon\">\n\t\t\t\t<i aria-hidden=\"true\" class=\"fas fa-spell-check\"><\/i>\t\t\t\t<\/span>\n\t\t\t<\/div>\n\t\t\t\n\t\t\t\t\t\t<div class=\"elementor-icon-box-content\">\n\n\t\t\t\t\t\t\t\t\t<h2 class=\"elementor-icon-box-title\">\n\t\t\t\t\t\t<span  >\n\t\t\t\t\t\t\tImprove your pronunciation and communication in Spanish\t\t\t\t\t\t<\/span>\n\t\t\t\t\t<\/h2>\n\t\t\t\t\n\t\t\t\t\n\t\t\t<\/div>\n\t\t\t\n\t\t<\/div>\n\t\t\t\t\t\t<\/div>\n\t\t\t\t<\/div>\n\t\t\t\t<div class=\"elementor-element elementor-element-4240b410 elementor-view-stacked elementor-position-inline-start elementor-shape-circle elementor-mobile-position-block-start elementor-widget elementor-widget-icon-box\" data-id=\"4240b410\" data-element_type=\"widget\" data-e-type=\"widget\" data-widget_type=\"icon-box.default\">\n\t\t\t\t<div class=\"elementor-widget-container\">\n\t\t\t\t\t\t\t<div class=\"elementor-icon-box-wrapper\">\n\n\t\t\t\t\t\t<div class=\"elementor-icon-box-icon\">\n\t\t\t\t<span  class=\"elementor-icon\">\n\t\t\t\t<i aria-hidden=\"true\" class=\"fas fa-check\"><\/i>\t\t\t\t<\/span>\n\t\t\t<\/div>\n\t\t\t\n\t\t\t\t\t\t<div class=\"elementor-icon-box-content\">\n\n\t\t\t\t\t\t\t\t\t<h2 class=\"elementor-icon-box-title\">\n\t\t\t\t\t\t<span  >\n\t\t\t\t\t\t\tGet to know our culture\t\t\t\t\t\t<\/span>\n\t\t\t\t\t<\/h2>\n\t\t\t\t\n\t\t\t\t\n\t\t\t<\/div>\n\t\t\t\n\t\t<\/div>\n\t\t\t\t\t\t<\/div>\n\t\t\t\t<\/div>\n\t\t\t\t\t<\/div>\n\t\t<\/div>\n\t\t\t\t\t<\/div>\n\t\t<\/section>\n\t\t\t\t<section class=\"elementor-section elementor-top-section elementor-element elementor-element-1dd28c51 elementor-section-content-middle elementor-section-boxed elementor-section-height-default elementor-section-height-default\" data-id=\"1dd28c51\" data-element_type=\"section\" data-e-type=\"section\" data-settings=\"{&quot;background_background&quot;:&quot;classic&quot;}\">\n\t\t\t\t\t\t\t<div class=\"elementor-background-overlay\"><\/div>\n\t\t\t\t\t\t\t<div class=\"elementor-container elementor-column-gap-wider\">\n\t\t\t\t\t<div class=\"elementor-column elementor-col-33 elementor-top-column elementor-element elementor-element-4fdb71c0\" data-id=\"4fdb71c0\" data-element_type=\"column\" data-e-type=\"column\">\n\t\t\t<div class=\"elementor-widget-wrap elementor-element-populated\">\n\t\t\t\t\t\t<div class=\"elementor-element elementor-element-382749b elementor-widget elementor-widget-heading\" data-id=\"382749b\" data-element_type=\"widget\" data-e-type=\"widget\" data-widget_type=\"heading.default\">\n\t\t\t\t<div class=\"elementor-widget-container\">\n\t\t\t\t\t<h2 class=\"elementor-heading-title elementor-size-medium\">Check all my courses<\/h2>\t\t\t\t<\/div>\n\t\t\t\t<\/div>\n\t\t\t\t<div class=\"elementor-element elementor-element-5b969933 elementor-align-center elementor-widget elementor-widget-button\" data-id=\"5b969933\" data-element_type=\"widget\" data-e-type=\"widget\" data-widget_type=\"button.default\">\n\t\t\t\t<div class=\"elementor-widget-container\">\n\t\t\t\t\t\t\t\t\t<div class=\"elementor-button-wrapper\">\n\t\t\t\t\t<a class=\"elementor-button elementor-button-link elementor-size-sm elementor-animation-grow\" href=\"https:\/\/carmeleespanolonline.com\/en\/courses\/\">\n\t\t\t\t\t\t<span class=\"elementor-button-content-wrapper\">\n\t\t\t\t\t\t\t\t\t<span class=\"elementor-button-text\">Courses<\/span>\n\t\t\t\t\t<\/span>\n\t\t\t\t\t<\/a>\n\t\t\t\t<\/div>\n\t\t\t\t\t\t\t\t<\/div>\n\t\t\t\t<\/div>\n\t\t\t\t\t<\/div>\n\t\t<\/div>\n\t\t\t\t<div class=\"elementor-column elementor-col-33 elementor-top-column elementor-element elementor-element-0faf9ce\" data-id=\"0faf9ce\" data-element_type=\"column\" data-e-type=\"column\">\n\t\t\t<div class=\"elementor-widget-wrap elementor-element-populated\">\n\t\t\t\t\t\t<div class=\"elementor-element elementor-element-be916e4 elementor-widget elementor-widget-heading\" data-id=\"be916e4\" data-element_type=\"widget\" data-e-type=\"widget\" data-widget_type=\"heading.default\">\n\t\t\t\t<div class=\"elementor-widget-container\">\n\t\t\t\t\t<h2 class=\"elementor-heading-title elementor-size-medium\">FREE EBOOK: Get a pass on your DELE exam<\/h2>\t\t\t\t<\/div>\n\t\t\t\t<\/div>\n\t\t\t\t<div class=\"elementor-element elementor-element-45f7bf0 elementor-align-center elementor-widget elementor-widget-button\" data-id=\"45f7bf0\" data-element_type=\"widget\" data-e-type=\"widget\" data-widget_type=\"button.default\">\n\t\t\t\t<div class=\"elementor-widget-container\">\n\t\t\t\t\t\t\t\t\t<div class=\"elementor-button-wrapper\">\n\t\t\t\t\t<a class=\"elementor-button elementor-button-link elementor-size-sm elementor-animation-grow\" href=\"https:\/\/carmeleespanolonline.com\/en\/ebook-dele\/\">\n\t\t\t\t\t\t<span class=\"elementor-button-content-wrapper\">\n\t\t\t\t\t\t\t\t\t<span class=\"elementor-button-text\">Download Ebook<\/span>\n\t\t\t\t\t<\/span>\n\t\t\t\t\t<\/a>\n\t\t\t\t<\/div>\n\t\t\t\t\t\t\t\t<\/div>\n\t\t\t\t<\/div>\n\t\t\t\t\t<\/div>\n\t\t<\/div>\n\t\t\t\t<div class=\"elementor-column elementor-col-33 elementor-top-column elementor-element elementor-element-7b1724e\" data-id=\"7b1724e\" data-element_type=\"column\" data-e-type=\"column\">\n\t\t\t<div class=\"elementor-widget-wrap elementor-element-populated\">\n\t\t\t\t\t\t<div class=\"elementor-element elementor-element-01556da elementor-widget elementor-widget-heading\" data-id=\"01556da\" data-element_type=\"widget\" data-e-type=\"widget\" data-widget_type=\"heading.default\">\n\t\t\t\t<div class=\"elementor-widget-container\">\n\t\t\t\t\t<h2 class=\"elementor-heading-title elementor-size-medium\">contact me<\/h2>\t\t\t\t<\/div>\n\t\t\t\t<\/div>\n\t\t\t\t<div class=\"elementor-element elementor-element-17a91bc elementor-align-center elementor-widget elementor-widget-button\" data-id=\"17a91bc\" data-element_type=\"widget\" data-e-type=\"widget\" data-widget_type=\"button.default\">\n\t\t\t\t<div class=\"elementor-widget-container\">\n\t\t\t\t\t\t\t\t\t<div class=\"elementor-button-wrapper\">\n\t\t\t\t\t<a class=\"elementor-button elementor-button-link elementor-size-sm elementor-animation-grow\" href=\"https:\/\/carmeleespanolonline.com\/en\/contact\/\">\n\t\t\t\t\t\t<span class=\"elementor-button-content-wrapper\">\n\t\t\t\t\t\t\t\t\t<span class=\"elementor-button-text\">Contact<\/span>\n\t\t\t\t\t<\/span>\n\t\t\t\t\t<\/a>\n\t\t\t\t<\/div>\n\t\t\t\t\t\t\t\t<\/div>\n\t\t\t\t<\/div>\n\t\t\t\t\t<\/div>\n\t\t<\/div>\n\t\t\t\t\t<\/div>\n\t\t<\/section>\n\t\t\t\t<\/div>","protected":false},"excerpt":{"rendered":"<p>Bienvenidos Hola soy Carmen, \u00a0profe de espa\u00f1ol y examinadora del Instituto Cervantes. Desde el a\u00f1o 2015 doy\u00a0clases\u00a0de espa\u00f1ol, he dado clases a personas de diferentes nacionalidades y he conseguido que amen el\u00a0espa\u00f1ol\u00a0y su cultura. \u00bfQuieres ser tu uno de ellos? Aprende un espa\u00f1ol real y \u00fatil Mejora tu pronunciaci\u00f3n y comunicaci\u00f3n en espa\u00f1ol Conoce nuestra [&hellip;]<\/p>\n","protected":false},"author":1,"featured_media":10895,"parent":0,"menu_order":12,"comment_status":"closed","ping_status":"closed","template":"","meta":{"site-sidebar-layout":"no-sidebar","site-content-layout":"page-builder","ast-site-content-layout":"full-width-container","site-content-style":"default","site-sidebar-style":"default","ast-global-header-display":"","ast-banner-title-visibility":"","ast-main-header-display":"","ast-hfb-above-header-display":"","ast-hfb-below-header-display":"","ast-hfb-mobile-header-display":"","site-post-title":"disabled","ast-breadcrumbs-content":"","ast-featured-img":"disabled","footer-sml-layout":"","ast-disable-related-posts":"","theme-transparent-header-meta":"default","adv-header-id-meta":"","stick-header-meta":"default","header-above-stick-meta":"","header-main-stick-meta":"","header-below-stick-meta":"","astra-migrate-meta-layouts":"set","ast-page-background-enabled":"default","ast-page-background-meta":{"desktop":{"background-color":"","background-image":"","background-repeat":"repeat","background-position":"center center","background-size":"auto","background-attachment":"scroll","background-type":"","background-media":"","overlay-type":"","overlay-color":"","overlay-opacity":"","overlay-gradient":""},"tablet":{"background-color":"","background-image":"","background-repeat":"repeat","background-position":"center center","background-size":"auto","background-attachment":"scroll","background-type":"","background-media":"","overlay-type":"","overlay-color":"","overlay-opacity":"","overlay-gradient":""},"mobile":{"background-color":"","background-image":"","background-repeat":"repeat","background-position":"center center","background-size":"auto","background-attachment":"scroll","background-type":"","background-media":"","overlay-type":"","overlay-color":"","overlay-opacity":"","overlay-gradient":""}},"ast-content-background-meta":{"desktop":{"background-color":"var(--ast-global-color-5)","background-image":"","background-repeat":"repeat","background-position":"center center","background-size":"auto","background-attachment":"scroll","background-type":"","background-media":"","overlay-type":"","overlay-color":"","overlay-opacity":"","overlay-gradient":""},"tablet":{"background-color":"var(--ast-global-color-5)","background-image":"","background-repeat":"repeat","background-position":"center center","background-size":"auto","background-attachment":"scroll","background-type":"","background-media":"","overlay-type":"","overlay-color":"","overlay-opacity":"","overlay-gradient":""},"mobile":{"background-color":"var(--ast-global-color-5)","background-image":"","background-repeat":"repeat","background-position":"center center","background-size":"auto","background-attachment":"scroll","background-type":"","background-media":"","overlay-type":"","overlay-color":"","overlay-opacity":"","overlay-gradient":""}},"_joinchat":[],"footnotes":""},"class_list":["post-11500","page","type-page","status-publish","has-post-thumbnail","hentry"],"yoast_head":"<!-- This site is optimized with the Yoast SEO plugin v27.4 - https:\/\/yoast.com\/product\/yoast-seo-wordpress\/ -->\n<title>Bienvenidos - Carmele Espa\u00f1ol Online<\/title>\n<meta name=\"description\" content=\"\u00a1Bienvenido! Aprende espa\u00f1ol real y \u00fatil conmigo. Mejora tu pronunciaci\u00f3n, comunica con confianza y sum\u00e9rgete en nuestra cultura. \ud83c\udf10\ud83c\uddea\ud83c\uddf8\" \/>\n<meta name=\"robots\" content=\"index, follow, max-snippet:-1, max-image-preview:large, max-video-preview:-1\" \/>\n<link rel=\"canonical\" href=\"https:\/\/carmeleespanolonline.com\/en\/welcome\/\" \/>\n<meta property=\"og:locale\" content=\"en_US\" \/>\n<meta property=\"og:type\" content=\"article\" \/>\n<meta property=\"og:title\" content=\"Bienvenidos - Carmele Espa\u00f1ol Online\" \/>\n<meta property=\"og:description\" content=\"\u00a1Bienvenido! Aprende espa\u00f1ol real y \u00fatil conmigo. Mejora tu pronunciaci\u00f3n, comunica con confianza y sum\u00e9rgete en nuestra cultura. \ud83c\udf10\ud83c\uddea\ud83c\uddf8\" \/>\n<meta property=\"og:url\" content=\"https:\/\/carmeleespanolonline.com\/en\/welcome\/\" \/>\n<meta property=\"og:site_name\" content=\"Carmele Espa\u00f1ol Online\" \/>\n<meta property=\"article:publisher\" content=\"https:\/\/www.facebook.com\/carmEle.espanol\" \/>\n<meta property=\"article:modified_time\" content=\"2023-12-13T06:44:51+00:00\" \/>\n<meta property=\"og:image\" content=\"https:\/\/carmeleespanolonline.com\/wp-content\/uploads\/2023\/10\/Logo-Carmele.png\" \/>\n\t<meta property=\"og:image:width\" content=\"760\" \/>\n\t<meta property=\"og:image:height\" content=\"306\" \/>\n\t<meta property=\"og:image:type\" content=\"image\/png\" \/>\n<meta name=\"twitter:card\" content=\"summary_large_image\" \/>\n<script type=\"application\/ld+json\" class=\"yoast-schema-graph\">{\"@context\":\"https:\\\/\\\/schema.org\",\"@graph\":[{\"@type\":\"WebPage\",\"@id\":\"https:\\\/\\\/carmeleespanolonline.com\\\/bienvenidos\\\/\",\"url\":\"https:\\\/\\\/carmeleespanolonline.com\\\/bienvenidos\\\/\",\"name\":\"Bienvenidos - Carmele Espa\u00f1ol Online\",\"isPartOf\":{\"@id\":\"https:\\\/\\\/carmeleespanolonline.com\\\/#website\"},\"primaryImageOfPage\":{\"@id\":\"https:\\\/\\\/carmeleespanolonline.com\\\/bienvenidos\\\/#primaryimage\"},\"image\":{\"@id\":\"https:\\\/\\\/carmeleespanolonline.com\\\/bienvenidos\\\/#primaryimage\"},\"thumbnailUrl\":\"https:\\\/\\\/carmeleespanolonline.com\\\/wp-content\\\/uploads\\\/2023\\\/10\\\/Logo-Carmele.png\",\"datePublished\":\"2023-10-18T08:24:52+00:00\",\"dateModified\":\"2023-12-13T06:44:51+00:00\",\"description\":\"\u00a1Bienvenido! Aprende espa\u00f1ol real y \u00fatil conmigo. Mejora tu pronunciaci\u00f3n, comunica con confianza y sum\u00e9rgete en nuestra cultura. \ud83c\udf10\ud83c\uddea\ud83c\uddf8\",\"breadcrumb\":{\"@id\":\"https:\\\/\\\/carmeleespanolonline.com\\\/bienvenidos\\\/#breadcrumb\"},\"inLanguage\":\"en-US\",\"potentialAction\":[{\"@type\":\"ReadAction\",\"target\":[\"https:\\\/\\\/carmeleespanolonline.com\\\/bienvenidos\\\/\"]}]},{\"@type\":\"ImageObject\",\"inLanguage\":\"en-US\",\"@id\":\"https:\\\/\\\/carmeleespanolonline.com\\\/bienvenidos\\\/#primaryimage\",\"url\":\"https:\\\/\\\/carmeleespanolonline.com\\\/wp-content\\\/uploads\\\/2023\\\/10\\\/Logo-Carmele.png\",\"contentUrl\":\"https:\\\/\\\/carmeleespanolonline.com\\\/wp-content\\\/uploads\\\/2023\\\/10\\\/Logo-Carmele.png\",\"width\":760,\"height\":306,\"caption\":\"Carmele Espa\u00f1ol Online: Logo\"},{\"@type\":\"BreadcrumbList\",\"@id\":\"https:\\\/\\\/carmeleespanolonline.com\\\/bienvenidos\\\/#breadcrumb\",\"itemListElement\":[{\"@type\":\"ListItem\",\"position\":1,\"name\":\"Inicio\",\"item\":\"https:\\\/\\\/carmeleespanolonline.com\\\/\"},{\"@type\":\"ListItem\",\"position\":2,\"name\":\"Bienvenidos\"}]},{\"@type\":\"WebSite\",\"@id\":\"https:\\\/\\\/carmeleespanolonline.com\\\/#website\",\"url\":\"https:\\\/\\\/carmeleespanolonline.com\\\/\",\"name\":\"Carmele Espa\u00f1ol Online\",\"description\":\"Escuela de espa\u00f1ol para extranjeros\",\"publisher\":{\"@id\":\"https:\\\/\\\/carmeleespanolonline.com\\\/#organization\"},\"potentialAction\":[{\"@type\":\"SearchAction\",\"target\":{\"@type\":\"EntryPoint\",\"urlTemplate\":\"https:\\\/\\\/carmeleespanolonline.com\\\/?s={search_term_string}\"},\"query-input\":{\"@type\":\"PropertyValueSpecification\",\"valueRequired\":true,\"valueName\":\"search_term_string\"}}],\"inLanguage\":\"en-US\"},{\"@type\":\"Organization\",\"@id\":\"https:\\\/\\\/carmeleespanolonline.com\\\/#organization\",\"name\":\"Carmele Espa\u00f1ol Online\",\"url\":\"https:\\\/\\\/carmeleespanolonline.com\\\/\",\"logo\":{\"@type\":\"ImageObject\",\"inLanguage\":\"en-US\",\"@id\":\"https:\\\/\\\/carmeleespanolonline.com\\\/#\\\/schema\\\/logo\\\/image\\\/\",\"url\":\"https:\\\/\\\/carmeleespanolonline.com\\\/wp-content\\\/uploads\\\/2023\\\/12\\\/Carmele-logo-social.png\",\"contentUrl\":\"https:\\\/\\\/carmeleespanolonline.com\\\/wp-content\\\/uploads\\\/2023\\\/12\\\/Carmele-logo-social.png\",\"width\":1200,\"height\":675,\"caption\":\"Carmele Espa\u00f1ol Online\"},\"image\":{\"@id\":\"https:\\\/\\\/carmeleespanolonline.com\\\/#\\\/schema\\\/logo\\\/image\\\/\"},\"sameAs\":[\"https:\\\/\\\/www.facebook.com\\\/carmEle.espanol\",\"https:\\\/\\\/www.instagram.com\\\/carmele.espanol\\\/\",\"https:\\\/\\\/www.youtube.com\\\/channel\\\/UChnPv6VDZfP4cgVpofoLDCA\",\"https:\\\/\\\/www.linkedin.com\\\/in\\\/carmen-de-la-vega-mariscal-abb741149\\\/\"]}]}<\/script>\n<!-- \/ Yoast SEO plugin. -->","yoast_head_json":{"title":"Welcome - Carmele Spanish Online","description":"Welcome! Learn real and useful Spanish with me. Improve your pronunciation, communicate with confidence and immerse yourself in our culture. \ud83c\udf10\ud83c\uddea\ud83c\uddf8","robots":{"index":"index","follow":"follow","max-snippet":"max-snippet:-1","max-image-preview":"max-image-preview:large","max-video-preview":"max-video-preview:-1"},"canonical":"https:\/\/carmeleespanolonline.com\/en\/welcome\/","og_locale":"en_US","og_type":"article","og_title":"Bienvenidos - Carmele Espa\u00f1ol Online","og_description":"\u00a1Bienvenido! Aprende espa\u00f1ol real y \u00fatil conmigo. Mejora tu pronunciaci\u00f3n, comunica con confianza y sum\u00e9rgete en nuestra cultura. \ud83c\udf10\ud83c\uddea\ud83c\uddf8","og_url":"https:\/\/carmeleespanolonline.com\/en\/welcome\/","og_site_name":"Carmele Espa\u00f1ol Online","article_publisher":"https:\/\/www.facebook.com\/carmEle.espanol","article_modified_time":"2023-12-13T06:44:51+00:00","og_image":[{"width":760,"height":306,"url":"https:\/\/carmeleespanolonline.com\/wp-content\/uploads\/2023\/10\/Logo-Carmele.png","type":"image\/png"}],"twitter_card":"summary_large_image","schema":{"@context":"https:\/\/schema.org","@graph":[{"@type":"WebPage","@id":"https:\/\/carmeleespanolonline.com\/bienvenidos\/","url":"https:\/\/carmeleespanolonline.com\/bienvenidos\/","name":"Welcome - Carmele Spanish Online","isPartOf":{"@id":"https:\/\/carmeleespanolonline.com\/#website"},"primaryImageOfPage":{"@id":"https:\/\/carmeleespanolonline.com\/bienvenidos\/#primaryimage"},"image":{"@id":"https:\/\/carmeleespanolonline.com\/bienvenidos\/#primaryimage"},"thumbnailUrl":"https:\/\/carmeleespanolonline.com\/wp-content\/uploads\/2023\/10\/Logo-Carmele.png","datePublished":"2023-10-18T08:24:52+00:00","dateModified":"2023-12-13T06:44:51+00:00","description":"Welcome! Learn real and useful Spanish with me. Improve your pronunciation, communicate with confidence and immerse yourself in our culture. \ud83c\udf10\ud83c\uddea\ud83c\uddf8","breadcrumb":{"@id":"https:\/\/carmeleespanolonline.com\/bienvenidos\/#breadcrumb"},"inLanguage":"en-US","potentialAction":[{"@type":"ReadAction","target":["https:\/\/carmeleespanolonline.com\/bienvenidos\/"]}]},{"@type":"ImageObject","inLanguage":"en-US","@id":"https:\/\/carmeleespanolonline.com\/bienvenidos\/#primaryimage","url":"https:\/\/carmeleespanolonline.com\/wp-content\/uploads\/2023\/10\/Logo-Carmele.png","contentUrl":"https:\/\/carmeleespanolonline.com\/wp-content\/uploads\/2023\/10\/Logo-Carmele.png","width":760,"height":306,"caption":"Carmele Espa\u00f1ol Online: Logo"},{"@type":"BreadcrumbList","@id":"https:\/\/carmeleespanolonline.com\/bienvenidos\/#breadcrumb","itemListElement":[{"@type":"ListItem","position":1,"name":"Inicio","item":"https:\/\/carmeleespanolonline.com\/"},{"@type":"ListItem","position":2,"name":"Bienvenidos"}]},{"@type":"WebSite","@id":"https:\/\/carmeleespanolonline.com\/#website","url":"https:\/\/carmeleespanolonline.com\/","name":"Carmele Spanish Online","description":"Spanish school for foreigners","publisher":{"@id":"https:\/\/carmeleespanolonline.com\/#organization"},"potentialAction":[{"@type":"SearchAction","target":{"@type":"EntryPoint","urlTemplate":"https:\/\/carmeleespanolonline.com\/?s={search_term_string}"},"query-input":{"@type":"PropertyValueSpecification","valueRequired":true,"valueName":"search_term_string"}}],"inLanguage":"en-US"},{"@type":"Organization","@id":"https:\/\/carmeleespanolonline.com\/#organization","name":"Carmele Spanish Online","url":"https:\/\/carmeleespanolonline.com\/","logo":{"@type":"ImageObject","inLanguage":"en-US","@id":"https:\/\/carmeleespanolonline.com\/#\/schema\/logo\/image\/","url":"https:\/\/carmeleespanolonline.com\/wp-content\/uploads\/2023\/12\/Carmele-logo-social.png","contentUrl":"https:\/\/carmeleespanolonline.com\/wp-content\/uploads\/2023\/12\/Carmele-logo-social.png","width":1200,"height":675,"caption":"Carmele Espa\u00f1ol Online"},"image":{"@id":"https:\/\/carmeleespanolonline.com\/#\/schema\/logo\/image\/"},"sameAs":["https:\/\/www.facebook.com\/carmEle.espanol","https:\/\/www.instagram.com\/carmele.espanol\/","https:\/\/www.youtube.com\/channel\/UChnPv6VDZfP4cgVpofoLDCA","https:\/\/www.linkedin.com\/in\/carmen-de-la-vega-mariscal-abb741149\/"]}]}},"_links":{"self":[{"href":"https:\/\/carmeleespanolonline.com\/en\/wp-json\/wp\/v2\/pages\/11500","targetHints":{"allow":["GET"]}}],"collection":[{"href":"https:\/\/carmeleespanolonline.com\/en\/wp-json\/wp\/v2\/pages"}],"about":[{"href":"https:\/\/carmeleespanolonline.com\/en\/wp-json\/wp\/v2\/types\/page"}],"author":[{"embeddable":true,"href":"https:\/\/carmeleespanolonline.com\/en\/wp-json\/wp\/v2\/users\/1"}],"replies":[{"embeddable":true,"href":"https:\/\/carmeleespanolonline.com\/en\/wp-json\/wp\/v2\/comments?post=11500"}],"version-history":[{"count":29,"href":"https:\/\/carmeleespanolonline.com\/en\/wp-json\/wp\/v2\/pages\/11500\/revisions"}],"predecessor-version":[{"id":12617,"href":"https:\/\/carmeleespanolonline.com\/en\/wp-json\/wp\/v2\/pages\/11500\/revisions\/12617"}],"wp:featuredmedia":[{"embeddable":true,"href":"https:\/\/carmeleespanolonline.com\/en\/wp-json\/wp\/v2\/media\/10895"}],"wp:attachment":[{"href":"https:\/\/carmeleespanolonline.com\/en\/wp-json\/wp\/v2\/media?parent=11500"}],"curies":[{"name":"wp","href":"https:\/\/api.w.org\/{rel}","templated":true}]}}